{"id":957,"date":"2019-08-28T15:50:56","date_gmt":"2019-08-28T20:50:56","guid":{"rendered":"http:\/\/edgarojeda.com\/?page_id=957"},"modified":"2024-11-11T18:27:16","modified_gmt":"2024-11-11T23:27:16","slug":"biodescodificacion","status":"publish","type":"page","link":"https:\/\/edgarojeda.com\/?page_id=957","title":{"rendered":"Biodescodificaci\u00f3n"},"content":{"rendered":"<div class=\"wp-block-image\">\n<figure class=\"alignright size-full is-resized\"><img loading=\"lazy\" decoding=\"async\" width=\"720\" height=\"420\" src=\"\/wp-content\/uploads\/edgar\/\/biodescodifiacion.jpg\" alt=\"\" class=\"wp-image-1600\" style=\"width:505px;height:auto\"\/><\/figure>\n<\/div>\n\n\n<p>La biodecodificaci\u00f3n es una de las propuestas naturales m\u00e1s novedosas y efectivas que realmente ayudan en recuperar la salud, detectando y desprogramando emociones.<\/p>\n\n\n\n<p>Esa t\u00e9cnica fue desarrollada a partir de las delirantes teor\u00edas del m\u00e9dico alem\u00e1n Ryke Geerd Hamer sobre el origen y el sentido de las enfermedades.<\/p>\n\n\n\n<p>Las emociones no s\u00f3lo las sentimos, sino que tambi\u00e9n impactan en nuestro organismo y si esas situaciones no son procesadas, nos llevan a desarrollar enfermedades.<\/p>\n\n\n\n<p>Es decir, una patolog\u00eda es consecuencia de un conflicto emocional no resuelto y la biodescodificaci\u00f3n tiene la misi\u00f3n de detectarlo, e inclusive desde generaciones pasadas, para luego trabajar sobre ese conflicto y subsanar la enfermedad, siempre de manera complementaria a los tratamientos tradicionales.<\/p>\n\n\n\n<p>Las terapias se hacen de manera presencia y a distancia.<\/p>\n","protected":false},"excerpt":{"rendered":"<p>La biodecodificaci\u00f3n es una de las propuestas naturales m\u00e1s novedosas y efectivas que realmente ayudan en recuperar la salud, detectando y desprogramando emociones. Esa t\u00e9cnica fue desarrollada a partir de las delirantes teor\u00edas del m\u00e9dico alem\u00e1n Ryke Geerd Hamer sobre el origen y el sentido de las enfermedades. Las emociones no s\u00f3lo las sentimos, sino&hellip;&nbsp;<a href=\"https:\/\/edgarojeda.com\/?page_id=957\" rel=\"bookmark\">Read More &raquo;<span class=\"screen-reader-text\">Biodescodificaci\u00f3n<\/span><\/a><\/p>\n","protected":false},"author":1,"featured_media":0,"parent":0,"menu_order":0,"comment_status":"closed","ping_status":"closed","template":"","meta":{"neve_meta_sidebar":"","neve_meta_container":"","neve_meta_enable_content_width":"","neve_meta_content_width":0,"neve_meta_title_alignment":"","neve_meta_author_avatar":"","neve_post_elements_order":"","neve_meta_disable_header":"","neve_meta_disable_footer":"","neve_meta_disable_title":"","footnotes":""},"class_list":["post-957","page","type-page","status-publish","hentry"],"yoast_head":"<!-- This site is optimized with the Yoast SEO plugin v26.9 - https:\/\/yoast.com\/product\/yoast-seo-wordpress\/ -->\n<title>Biodecodificaci\u00f3n - Edgar Ojeda - Terapias Alternativas y Complementarias<\/title>\n<meta name=\"description\" content=\"La biodecodificaci\u00f3n es una de las propuestas naturales m\u00e1s novedosas y efectivas que realmente ayudan en recuperar la salud, detectando y ...\" \/>\n<meta name=\"robots\" content=\"index, follow, max-snippet:-1, max-image-preview:large, max-video-preview:-1\" \/>\n<link rel=\"canonical\" href=\"https:\/\/edgarojeda.com\/?page_id=957\" \/>\n<meta property=\"og:locale\" content=\"es_ES\" \/>\n<meta property=\"og:type\" content=\"article\" \/>\n<meta property=\"og:title\" content=\"Biodecodificaci\u00f3n - Edgar Ojeda - Terapias Alternativas y Complementarias\" \/>\n<meta property=\"og:description\" content=\"La biodecodificaci\u00f3n es una de las propuestas naturales m\u00e1s novedosas y efectivas que realmente ayudan en recuperar la salud, detectando y ...\" \/>\n<meta property=\"og:url\" content=\"https:\/\/edgarojeda.com\/?page_id=957\" \/>\n<meta property=\"og:site_name\" content=\"Edgar Ojeda\" \/>\n<meta property=\"article:modified_time\" content=\"2024-11-11T23:27:16+00:00\" \/>\n<meta name=\"twitter:card\" content=\"summary_large_image\" \/>\n<meta name=\"twitter:label1\" content=\"Est. reading time\" \/>\n\t<meta name=\"twitter:data1\" content=\"1 minuto\" \/>\n<script type=\"application\/ld+json\" class=\"yoast-schema-graph\">{\"@context\":\"https:\/\/schema.org\",\"@graph\":[{\"@type\":\"WebPage\",\"@id\":\"https:\/\/edgarojeda.com\/?page_id=957\",\"url\":\"https:\/\/edgarojeda.com\/?page_id=957\",\"name\":\"Biodecodificaci\u00f3n - Edgar Ojeda - Terapias Alternativas y Complementarias\",\"isPartOf\":{\"@id\":\"https:\/\/edgarojeda.com\/#website\"},\"datePublished\":\"2019-08-28T20:50:56+00:00\",\"dateModified\":\"2024-11-11T23:27:16+00:00\",\"description\":\"La biodecodificaci\u00f3n es una de las propuestas naturales m\u00e1s novedosas y efectivas que realmente ayudan en recuperar la salud, detectando y ...\",\"breadcrumb\":{\"@id\":\"https:\/\/edgarojeda.com\/?page_id=957#breadcrumb\"},\"inLanguage\":\"es-PE\",\"potentialAction\":[{\"@type\":\"ReadAction\",\"target\":[\"https:\/\/edgarojeda.com\/?page_id=957\"]}]},{\"@type\":\"BreadcrumbList\",\"@id\":\"https:\/\/edgarojeda.com\/?page_id=957#breadcrumb\",\"itemListElement\":[{\"@type\":\"ListItem\",\"position\":1,\"name\":\"Portada\",\"item\":\"https:\/\/edgarojeda.com\/\"},{\"@type\":\"ListItem\",\"position\":2,\"name\":\"Biodescodificaci\u00f3n\"}]},{\"@type\":\"WebSite\",\"@id\":\"https:\/\/edgarojeda.com\/#website\",\"url\":\"https:\/\/edgarojeda.com\/\",\"name\":\"Edgar Ojeda\",\"description\":\"Perm\u00edteme ayudarte a equilibrar tu mente y cuerpo para sanar tu vida\",\"publisher\":{\"@id\":\"https:\/\/edgarojeda.com\/#organization\"},\"potentialAction\":[{\"@type\":\"SearchAction\",\"target\":{\"@type\":\"EntryPoint\",\"urlTemplate\":\"https:\/\/edgarojeda.com\/?s={search_term_string}\"},\"query-input\":{\"@type\":\"PropertyValueSpecification\",\"valueRequired\":true,\"valueName\":\"search_term_string\"}}],\"inLanguage\":\"es-PE\"},{\"@type\":\"Organization\",\"@id\":\"https:\/\/edgarojeda.com\/#organization\",\"name\":\"Edgar Ojeda\",\"url\":\"https:\/\/edgarojeda.com\/\",\"logo\":{\"@type\":\"ImageObject\",\"inLanguage\":\"es-PE\",\"@id\":\"https:\/\/edgarojeda.com\/#\/schema\/logo\/image\/\",\"url\":\"\/wp-content\/uploads\/edgar\/Logo.png\",\"contentUrl\":\"\/wp-content\/uploads\/edgar\/Logo.png\",\"width\":140,\"height\":140,\"caption\":\"Edgar Ojeda\"},\"image\":{\"@id\":\"https:\/\/edgarojeda.com\/#\/schema\/logo\/image\/\"}}]}<\/script>\n<!-- \/ Yoast SEO plugin. -->","yoast_head_json":{"title":"Biodecodificaci\u00f3n - Edgar Ojeda - Terapias Alternativas y Complementarias","description":"La biodecodificaci\u00f3n es una de las propuestas naturales m\u00e1s novedosas y efectivas que realmente ayudan en recuperar la salud, detectando y ...","robots":{"index":"index","follow":"follow","max-snippet":"max-snippet:-1","max-image-preview":"max-image-preview:large","max-video-preview":"max-video-preview:-1"},"canonical":"https:\/\/edgarojeda.com\/?page_id=957","og_locale":"es_ES","og_type":"article","og_title":"Biodecodificaci\u00f3n - Edgar Ojeda - Terapias Alternativas y Complementarias","og_description":"La biodecodificaci\u00f3n es una de las propuestas naturales m\u00e1s novedosas y efectivas que realmente ayudan en recuperar la salud, detectando y ...","og_url":"https:\/\/edgarojeda.com\/?page_id=957","og_site_name":"Edgar Ojeda","article_modified_time":"2024-11-11T23:27:16+00:00","twitter_card":"summary_large_image","twitter_misc":{"Est. reading time":"1 minuto"},"schema":{"@context":"https:\/\/schema.org","@graph":[{"@type":"WebPage","@id":"https:\/\/edgarojeda.com\/?page_id=957","url":"https:\/\/edgarojeda.com\/?page_id=957","name":"Biodecodificaci\u00f3n - Edgar Ojeda - Terapias Alternativas y Complementarias","isPartOf":{"@id":"https:\/\/edgarojeda.com\/#website"},"datePublished":"2019-08-28T20:50:56+00:00","dateModified":"2024-11-11T23:27:16+00:00","description":"La biodecodificaci\u00f3n es una de las propuestas naturales m\u00e1s novedosas y efectivas que realmente ayudan en recuperar la salud, detectando y ...","breadcrumb":{"@id":"https:\/\/edgarojeda.com\/?page_id=957#breadcrumb"},"inLanguage":"es-PE","potentialAction":[{"@type":"ReadAction","target":["https:\/\/edgarojeda.com\/?page_id=957"]}]},{"@type":"BreadcrumbList","@id":"https:\/\/edgarojeda.com\/?page_id=957#breadcrumb","itemListElement":[{"@type":"ListItem","position":1,"name":"Portada","item":"https:\/\/edgarojeda.com\/"},{"@type":"ListItem","position":2,"name":"Biodescodificaci\u00f3n"}]},{"@type":"WebSite","@id":"https:\/\/edgarojeda.com\/#website","url":"https:\/\/edgarojeda.com\/","name":"Edgar Ojeda","description":"Perm\u00edteme ayudarte a equilibrar tu mente y cuerpo para sanar tu vida","publisher":{"@id":"https:\/\/edgarojeda.com\/#organization"},"potentialAction":[{"@type":"SearchAction","target":{"@type":"EntryPoint","urlTemplate":"https:\/\/edgarojeda.com\/?s={search_term_string}"},"query-input":{"@type":"PropertyValueSpecification","valueRequired":true,"valueName":"search_term_string"}}],"inLanguage":"es-PE"},{"@type":"Organization","@id":"https:\/\/edgarojeda.com\/#organization","name":"Edgar Ojeda","url":"https:\/\/edgarojeda.com\/","logo":{"@type":"ImageObject","inLanguage":"es-PE","@id":"https:\/\/edgarojeda.com\/#\/schema\/logo\/image\/","url":"\/wp-content\/uploads\/edgar\/Logo.png","contentUrl":"\/wp-content\/uploads\/edgar\/Logo.png","width":140,"height":140,"caption":"Edgar Ojeda"},"image":{"@id":"https:\/\/edgarojeda.com\/#\/schema\/logo\/image\/"}}]}},"_links":{"self":[{"href":"https:\/\/edgarojeda.com\/index.php?rest_route=\/wp\/v2\/pages\/957","targetHints":{"allow":["GET"]}}],"collection":[{"href":"https:\/\/edgarojeda.com\/index.php?rest_route=\/wp\/v2\/pages"}],"about":[{"href":"https:\/\/edgarojeda.com\/index.php?rest_route=\/wp\/v2\/types\/page"}],"author":[{"embeddable":true,"href":"https:\/\/edgarojeda.com\/index.php?rest_route=\/wp\/v2\/users\/1"}],"replies":[{"embeddable":true,"href":"https:\/\/edgarojeda.com\/index.php?rest_route=%2Fwp%2Fv2%2Fcomments&post=957"}],"version-history":[{"count":0,"href":"https:\/\/edgarojeda.com\/index.php?rest_route=\/wp\/v2\/pages\/957\/revisions"}],"wp:attachment":[{"href":"https:\/\/edgarojeda.com\/index.php?rest_route=%2Fwp%2Fv2%2Fmedia&parent=957"}],"curies":[{"name":"wp","href":"https:\/\/api.w.org\/{rel}","templated":true}]}}