{"id":866,"date":"2019-08-09T16:48:28","date_gmt":"2019-08-09T21:48:28","guid":{"rendered":"http:\/\/edgarojeda.com\/?page_id=866"},"modified":"2024-11-11T18:43:02","modified_gmt":"2024-11-11T23:43:02","slug":"acerca-de-mi","status":"publish","type":"page","link":"https:\/\/edgarojeda.com\/?page_id=866","title":{"rendered":"Acerca de mi"},"content":{"rendered":"<p><strong>Edgar Ojeda Cueva<\/strong><\/p>\n<p style=\"text-align: justify;\"><img loading=\"lazy\" decoding=\"async\" class=\"size-full wp-image-1443 alignright\" src=\"\/wp-content\/uploads\/edgar\/\/Edgar-Ojeda.png\" alt=\"\" width=\"366\" height=\"568\" \/>Profesional en comunicaci\u00f3n, con amplia experiencia en prensa y comunicaci\u00f3n corporativa. Desde siempre mantiene un gran esp\u00edritu de servicio a los dem\u00e1s, principalmente en temas relacionados al bienestar y salud.<\/p>\n<p style=\"text-align: justify;\">La detecci\u00f3n de un c\u00e1ncer a su madre fue un acontecimiento que marc\u00f3 su vida, pero a la vez un reto para investigar en terapias naturales, alternativas y complementarias, que le permitieron brindarle una mejor calidad de vida.<\/p>\n<p style=\"text-align: justify;\">Si bien no logr\u00f3 revertir el problema de salud en su madre, s\u00ed encontr\u00f3 resultados sorprendentes, que luego lo llevaron a realizar estudios en Biomagnetismo M\u00e9dico, Bioenerg\u00eda y Descodificaci\u00f3n Biol\u00f3gica.<\/p>\n<p style=\"text-align: justify;\">Su compromiso ahora es ayudar a m\u00e1s personas para que encuentren una vida plena, con bienestar y salud.<\/p>\n<p style=\"text-align: justify;\"><em>\u201cYo estoy convencido que no existen enfermedades incurables. Lo que existen son personas que no logran superar un problema de salud, porque no est\u00e1n preparados o porque ya es su momento de transcender. Hay que llevar una vida lo m\u00e1s sana posible, buena alimentaci\u00f3n, una vida alegre y tranquila, no preocuparse, alejarnos de la contaminaci\u00f3n ambiental, perdonarnos a nosotros mismos y a los dem\u00e1s, y ver opciones terap\u00e9uticas lo m\u00e1s natural posible\u201d<\/em><\/p>\n<p style=\"text-align: justify;\"><strong>Principales estudios<\/strong><\/p>\n<ul>\n<li style=\"text-align: justify;\">Licenciado en Periodismo, con diplomados y estudios en comunicaci\u00f3n corporativa y otros.<\/li>\n<li>Master in Biomagnetism and Bioenergetics \u2013 Health &amp; Economics Professional Colege \u2013 Florida USA<\/li>\n<li>Diplomado en Biomagnetismo M\u00e9dico y Bioenerg\u00e9tica Cl\u00ednica Aplicada \u2013 Asociaci\u00f3n M\u00e9dica de Profesional de la Salud en Terapias Alternativas de Colombia &#8211; ASMEDIPROTERCOL<\/li>\n<li>Diplomado en Biodecodificaci\u00f3n Biol\u00f3gica de Enfermedades &#8211; Escuela Latinoamericana en Ciencias de la Salud y Terapias Complementarias de Bogot\u00e1 &#8211; Colombia y Asociaci\u00f3n M\u00e9dica de Profesional de la Salud en Terapias Alternativas de Colombia &#8211; ASMEDIPROTERCOL<\/li>\n<li>Miembro activo de la Asociaci\u00f3n M\u00e9dica de Profesional de la Salud en Terapias Alternativas de Colombia \u2013 ASMEDIPROTERCOL<\/li>\n<li style=\"text-align: justify;\">Curso de Medicina Bioenerg\u00e9tica \u2013 Instituto de Terapia Bioenerg\u00e9tica y Emocional \u2013 Lima, Per\u00fa<\/li>\n<li>Actualmente realiza estudios de Homeopat\u00eda y Homotoxicolog\u00eda.<\/li>\n<\/ul>\n","protected":false},"excerpt":{"rendered":"<p>Edgar Ojeda Cueva Profesional en comunicaci\u00f3n, con amplia experiencia en prensa y comunicaci\u00f3n corporativa. Desde siempre mantiene un gran esp\u00edritu de servicio a los dem\u00e1s, principalmente en temas relacionados al bienestar y salud. La detecci\u00f3n de un c\u00e1ncer a su madre fue un acontecimiento que marc\u00f3 su vida, pero a la vez un reto para&hellip;&nbsp;<a href=\"https:\/\/edgarojeda.com\/?page_id=866\" rel=\"bookmark\">Read More &raquo;<span class=\"screen-reader-text\">Acerca de mi<\/span><\/a><\/p>\n","protected":false},"author":1,"featured_media":0,"parent":0,"menu_order":0,"comment_status":"closed","ping_status":"closed","template":"","meta":{"neve_meta_sidebar":"","neve_meta_container":"","neve_meta_enable_content_width":"","neve_meta_content_width":0,"neve_meta_title_alignment":"","neve_meta_author_avatar":"","neve_post_elements_order":"","neve_meta_disable_header":"","neve_meta_disable_footer":"","neve_meta_disable_title":"","footnotes":""},"class_list":["post-866","page","type-page","status-publish","hentry"],"yoast_head":"<!-- This site is optimized with the Yoast SEO plugin v26.9 - https:\/\/yoast.com\/product\/yoast-seo-wordpress\/ -->\n<title>Acerca de mi - Edgar Ojeda - Terapias Alternativas y Complementarias<\/title>\n<meta name=\"description\" content=\"La detecci\u00f3n de un c\u00e1ncer a su madre fue un acontecimiento que marc\u00f3 su vida, y esto lo llev\u00f3 a investigar en otras terapias...\" \/>\n<meta name=\"robots\" content=\"index, follow, max-snippet:-1, max-image-preview:large, max-video-preview:-1\" \/>\n<link rel=\"canonical\" href=\"https:\/\/edgarojeda.com\/?page_id=866\" \/>\n<meta property=\"og:locale\" content=\"es_ES\" \/>\n<meta property=\"og:type\" content=\"article\" \/>\n<meta property=\"og:title\" content=\"Acerca de mi - Edgar Ojeda - Terapias Alternativas y Complementarias\" \/>\n<meta property=\"og:description\" content=\"La detecci\u00f3n de un c\u00e1ncer a su madre fue un acontecimiento que marc\u00f3 su vida, y esto lo llev\u00f3 a investigar en otras terapias...\" \/>\n<meta property=\"og:url\" content=\"https:\/\/edgarojeda.com\/?page_id=866\" \/>\n<meta property=\"og:site_name\" content=\"Edgar Ojeda\" \/>\n<meta property=\"article:modified_time\" content=\"2024-11-11T23:43:02+00:00\" \/>\n<meta name=\"twitter:card\" content=\"summary_large_image\" \/>\n<meta name=\"twitter:label1\" content=\"Est. reading time\" \/>\n\t<meta name=\"twitter:data1\" content=\"2 minutos\" \/>\n<script type=\"application\/ld+json\" class=\"yoast-schema-graph\">{\"@context\":\"https:\/\/schema.org\",\"@graph\":[{\"@type\":\"WebPage\",\"@id\":\"https:\/\/edgarojeda.com\/?page_id=866\",\"url\":\"https:\/\/edgarojeda.com\/?page_id=866\",\"name\":\"Acerca de mi - Edgar Ojeda - Terapias Alternativas y Complementarias\",\"isPartOf\":{\"@id\":\"https:\/\/edgarojeda.com\/#website\"},\"datePublished\":\"2019-08-09T21:48:28+00:00\",\"dateModified\":\"2024-11-11T23:43:02+00:00\",\"description\":\"La detecci\u00f3n de un c\u00e1ncer a su madre fue un acontecimiento que marc\u00f3 su vida, y esto lo llev\u00f3 a investigar en otras terapias...\",\"breadcrumb\":{\"@id\":\"https:\/\/edgarojeda.com\/?page_id=866#breadcrumb\"},\"inLanguage\":\"es-PE\",\"potentialAction\":[{\"@type\":\"ReadAction\",\"target\":[\"https:\/\/edgarojeda.com\/?page_id=866\"]}]},{\"@type\":\"BreadcrumbList\",\"@id\":\"https:\/\/edgarojeda.com\/?page_id=866#breadcrumb\",\"itemListElement\":[{\"@type\":\"ListItem\",\"position\":1,\"name\":\"Portada\",\"item\":\"https:\/\/edgarojeda.com\/\"},{\"@type\":\"ListItem\",\"position\":2,\"name\":\"Acerca de mi\"}]},{\"@type\":\"WebSite\",\"@id\":\"https:\/\/edgarojeda.com\/#website\",\"url\":\"https:\/\/edgarojeda.com\/\",\"name\":\"Edgar Ojeda\",\"description\":\"Perm\u00edteme ayudarte a equilibrar tu mente y cuerpo para sanar tu vida\",\"publisher\":{\"@id\":\"https:\/\/edgarojeda.com\/#organization\"},\"potentialAction\":[{\"@type\":\"SearchAction\",\"target\":{\"@type\":\"EntryPoint\",\"urlTemplate\":\"https:\/\/edgarojeda.com\/?s={search_term_string}\"},\"query-input\":{\"@type\":\"PropertyValueSpecification\",\"valueRequired\":true,\"valueName\":\"search_term_string\"}}],\"inLanguage\":\"es-PE\"},{\"@type\":\"Organization\",\"@id\":\"https:\/\/edgarojeda.com\/#organization\",\"name\":\"Edgar Ojeda\",\"url\":\"https:\/\/edgarojeda.com\/\",\"logo\":{\"@type\":\"ImageObject\",\"inLanguage\":\"es-PE\",\"@id\":\"https:\/\/edgarojeda.com\/#\/schema\/logo\/image\/\",\"url\":\"\/wp-content\/uploads\/edgar\/Logo.png\",\"contentUrl\":\"\/wp-content\/uploads\/edgar\/Logo.png\",\"width\":140,\"height\":140,\"caption\":\"Edgar Ojeda\"},\"image\":{\"@id\":\"https:\/\/edgarojeda.com\/#\/schema\/logo\/image\/\"}}]}<\/script>\n<!-- \/ Yoast SEO plugin. -->","yoast_head_json":{"title":"Acerca de mi - Edgar Ojeda - Terapias Alternativas y Complementarias","description":"La detecci\u00f3n de un c\u00e1ncer a su madre fue un acontecimiento que marc\u00f3 su vida, y esto lo llev\u00f3 a investigar en otras terapias...","robots":{"index":"index","follow":"follow","max-snippet":"max-snippet:-1","max-image-preview":"max-image-preview:large","max-video-preview":"max-video-preview:-1"},"canonical":"https:\/\/edgarojeda.com\/?page_id=866","og_locale":"es_ES","og_type":"article","og_title":"Acerca de mi - Edgar Ojeda - Terapias Alternativas y Complementarias","og_description":"La detecci\u00f3n de un c\u00e1ncer a su madre fue un acontecimiento que marc\u00f3 su vida, y esto lo llev\u00f3 a investigar en otras terapias...","og_url":"https:\/\/edgarojeda.com\/?page_id=866","og_site_name":"Edgar Ojeda","article_modified_time":"2024-11-11T23:43:02+00:00","twitter_card":"summary_large_image","twitter_misc":{"Est. reading time":"2 minutos"},"schema":{"@context":"https:\/\/schema.org","@graph":[{"@type":"WebPage","@id":"https:\/\/edgarojeda.com\/?page_id=866","url":"https:\/\/edgarojeda.com\/?page_id=866","name":"Acerca de mi - Edgar Ojeda - Terapias Alternativas y Complementarias","isPartOf":{"@id":"https:\/\/edgarojeda.com\/#website"},"datePublished":"2019-08-09T21:48:28+00:00","dateModified":"2024-11-11T23:43:02+00:00","description":"La detecci\u00f3n de un c\u00e1ncer a su madre fue un acontecimiento que marc\u00f3 su vida, y esto lo llev\u00f3 a investigar en otras terapias...","breadcrumb":{"@id":"https:\/\/edgarojeda.com\/?page_id=866#breadcrumb"},"inLanguage":"es-PE","potentialAction":[{"@type":"ReadAction","target":["https:\/\/edgarojeda.com\/?page_id=866"]}]},{"@type":"BreadcrumbList","@id":"https:\/\/edgarojeda.com\/?page_id=866#breadcrumb","itemListElement":[{"@type":"ListItem","position":1,"name":"Portada","item":"https:\/\/edgarojeda.com\/"},{"@type":"ListItem","position":2,"name":"Acerca de mi"}]},{"@type":"WebSite","@id":"https:\/\/edgarojeda.com\/#website","url":"https:\/\/edgarojeda.com\/","name":"Edgar Ojeda","description":"Perm\u00edteme ayudarte a equilibrar tu mente y cuerpo para sanar tu vida","publisher":{"@id":"https:\/\/edgarojeda.com\/#organization"},"potentialAction":[{"@type":"SearchAction","target":{"@type":"EntryPoint","urlTemplate":"https:\/\/edgarojeda.com\/?s={search_term_string}"},"query-input":{"@type":"PropertyValueSpecification","valueRequired":true,"valueName":"search_term_string"}}],"inLanguage":"es-PE"},{"@type":"Organization","@id":"https:\/\/edgarojeda.com\/#organization","name":"Edgar Ojeda","url":"https:\/\/edgarojeda.com\/","logo":{"@type":"ImageObject","inLanguage":"es-PE","@id":"https:\/\/edgarojeda.com\/#\/schema\/logo\/image\/","url":"\/wp-content\/uploads\/edgar\/Logo.png","contentUrl":"\/wp-content\/uploads\/edgar\/Logo.png","width":140,"height":140,"caption":"Edgar Ojeda"},"image":{"@id":"https:\/\/edgarojeda.com\/#\/schema\/logo\/image\/"}}]}},"_links":{"self":[{"href":"https:\/\/edgarojeda.com\/index.php?rest_route=\/wp\/v2\/pages\/866","targetHints":{"allow":["GET"]}}],"collection":[{"href":"https:\/\/edgarojeda.com\/index.php?rest_route=\/wp\/v2\/pages"}],"about":[{"href":"https:\/\/edgarojeda.com\/index.php?rest_route=\/wp\/v2\/types\/page"}],"author":[{"embeddable":true,"href":"https:\/\/edgarojeda.com\/index.php?rest_route=\/wp\/v2\/users\/1"}],"replies":[{"embeddable":true,"href":"https:\/\/edgarojeda.com\/index.php?rest_route=%2Fwp%2Fv2%2Fcomments&post=866"}],"version-history":[{"count":0,"href":"https:\/\/edgarojeda.com\/index.php?rest_route=\/wp\/v2\/pages\/866\/revisions"}],"wp:attachment":[{"href":"https:\/\/edgarojeda.com\/index.php?rest_route=%2Fwp%2Fv2%2Fmedia&parent=866"}],"curies":[{"name":"wp","href":"https:\/\/api.w.org\/{rel}","templated":true}]}}