{"id":51,"date":"2017-09-05T20:23:22","date_gmt":"2017-09-05T20:23:22","guid":{"rendered":"http:\/\/piuraint.com\/home\/?page_id=51"},"modified":"2024-11-11T18:25:59","modified_gmt":"2024-11-11T23:25:59","slug":"biomagnetismo","status":"publish","type":"page","link":"https:\/\/edgarojeda.com\/?page_id=51","title":{"rendered":"Biomagnetismo"},"content":{"rendered":"<div class=\"wp-block-image\">\n<figure class=\"alignright size-full is-resized\"><img loading=\"lazy\" decoding=\"async\" width=\"720\" height=\"420\" src=\"\/wp-content\/uploads\/edgar\/\/biomagnetismo-imanes.jpg\" alt=\"\" class=\"wp-image-1594\" style=\"width:596px;height:auto\"\/><\/figure>\n<\/div>\n\n\n<p>El biomagnetismo es un m\u00e9todo cient\u00edfico, terap\u00e9utico y no invasivo, para recuperar la salud. Si bien difiere de la medicina tradicional, la homeopat\u00eda, las hierbas y las terapias naturales, es perfectamente compatible con cualquiera de estas modalidades.<\/p>\n\n\n\n<p>Fue descubierto en 1988, por el m\u00e9dico mexicano Isaac Goiz Dur\u00e1n. Consiste en colocar imanes en el cuerpo para detectar y corregir desequilibrios o problemas en el organismo y restaurar la salud de la persona.<\/p>\n\n\n\n<p>Los desequilibrios de pH pueden acumularse y combinarse para permitir el desarrollo de una enfermedad. Si restablecemos el equilibrio del pH de cualquier \u00f3rgano o en diversas partes del cuerpo, mueren los agentes pat\u00f3genos que nos est\u00e1n haciendo da\u00f1o y todo vuelve a funcionar correctamente.<\/p>\n\n\n\n<p>Las terapias se hacen de manera presencia y a distancia.<\/p>\n","protected":false},"excerpt":{"rendered":"<p>El biomagnetismo es un m\u00e9todo cient\u00edfico, terap\u00e9utico y no invasivo, para recuperar la salud. Si bien difiere de la medicina tradicional, la homeopat\u00eda, las hierbas y las terapias naturales, es perfectamente compatible con cualquiera de estas modalidades. Fue descubierto en 1988, por el m\u00e9dico mexicano Isaac Goiz Dur\u00e1n. Consiste en colocar imanes en el cuerpo&hellip;&nbsp;<a href=\"https:\/\/edgarojeda.com\/?page_id=51\" rel=\"bookmark\">Read More &raquo;<span class=\"screen-reader-text\">Biomagnetismo<\/span><\/a><\/p>\n","protected":false},"author":1,"featured_media":0,"parent":0,"menu_order":0,"comment_status":"closed","ping_status":"closed","template":"","meta":{"neve_meta_sidebar":"","neve_meta_container":"","neve_meta_enable_content_width":"","neve_meta_content_width":0,"neve_meta_title_alignment":"","neve_meta_author_avatar":"","neve_post_elements_order":"","neve_meta_disable_header":"","neve_meta_disable_footer":"","neve_meta_disable_title":"","footnotes":""},"class_list":["post-51","page","type-page","status-publish","hentry"],"yoast_head":"<!-- This site is optimized with the Yoast SEO plugin v26.9 - https:\/\/yoast.com\/product\/yoast-seo-wordpress\/ -->\n<title>Biomagnetismo - Edgar Ojeda - Terapias Alternativas y Complementarias<\/title>\n<meta name=\"description\" content=\"El biomagnetismo es un m\u00e9todo cient\u00edfico, terap\u00e9utico y no invasivo, para recuperar la salud. Si bien difiere de la medicina tradicional...\" \/>\n<meta name=\"robots\" content=\"index, follow, max-snippet:-1, max-image-preview:large, max-video-preview:-1\" \/>\n<link rel=\"canonical\" href=\"https:\/\/edgarojeda.com\/?page_id=51\" \/>\n<meta property=\"og:locale\" content=\"es_ES\" \/>\n<meta property=\"og:type\" content=\"article\" \/>\n<meta property=\"og:title\" content=\"Biomagnetismo - Edgar Ojeda - Terapias Alternativas y Complementarias\" \/>\n<meta property=\"og:description\" content=\"El biomagnetismo es un m\u00e9todo cient\u00edfico, terap\u00e9utico y no invasivo, para recuperar la salud. Si bien difiere de la medicina tradicional...\" \/>\n<meta property=\"og:url\" content=\"https:\/\/edgarojeda.com\/?page_id=51\" \/>\n<meta property=\"og:site_name\" content=\"Edgar Ojeda\" \/>\n<meta property=\"article:modified_time\" content=\"2024-11-11T23:25:59+00:00\" \/>\n<meta name=\"twitter:card\" content=\"summary_large_image\" \/>\n<meta name=\"twitter:label1\" content=\"Est. reading time\" \/>\n\t<meta name=\"twitter:data1\" content=\"1 minuto\" \/>\n<script type=\"application\/ld+json\" class=\"yoast-schema-graph\">{\"@context\":\"https:\/\/schema.org\",\"@graph\":[{\"@type\":\"WebPage\",\"@id\":\"https:\/\/edgarojeda.com\/?page_id=51\",\"url\":\"https:\/\/edgarojeda.com\/?page_id=51\",\"name\":\"Biomagnetismo - Edgar Ojeda - Terapias Alternativas y Complementarias\",\"isPartOf\":{\"@id\":\"https:\/\/edgarojeda.com\/#website\"},\"datePublished\":\"2017-09-05T20:23:22+00:00\",\"dateModified\":\"2024-11-11T23:25:59+00:00\",\"description\":\"El biomagnetismo es un m\u00e9todo cient\u00edfico, terap\u00e9utico y no invasivo, para recuperar la salud. Si bien difiere de la medicina tradicional...\",\"breadcrumb\":{\"@id\":\"https:\/\/edgarojeda.com\/?page_id=51#breadcrumb\"},\"inLanguage\":\"es-PE\",\"potentialAction\":[{\"@type\":\"ReadAction\",\"target\":[\"https:\/\/edgarojeda.com\/?page_id=51\"]}]},{\"@type\":\"BreadcrumbList\",\"@id\":\"https:\/\/edgarojeda.com\/?page_id=51#breadcrumb\",\"itemListElement\":[{\"@type\":\"ListItem\",\"position\":1,\"name\":\"Portada\",\"item\":\"https:\/\/edgarojeda.com\/\"},{\"@type\":\"ListItem\",\"position\":2,\"name\":\"Biomagnetismo\"}]},{\"@type\":\"WebSite\",\"@id\":\"https:\/\/edgarojeda.com\/#website\",\"url\":\"https:\/\/edgarojeda.com\/\",\"name\":\"Edgar Ojeda\",\"description\":\"Perm\u00edteme ayudarte a equilibrar tu mente y cuerpo para sanar tu vida\",\"publisher\":{\"@id\":\"https:\/\/edgarojeda.com\/#organization\"},\"potentialAction\":[{\"@type\":\"SearchAction\",\"target\":{\"@type\":\"EntryPoint\",\"urlTemplate\":\"https:\/\/edgarojeda.com\/?s={search_term_string}\"},\"query-input\":{\"@type\":\"PropertyValueSpecification\",\"valueRequired\":true,\"valueName\":\"search_term_string\"}}],\"inLanguage\":\"es-PE\"},{\"@type\":\"Organization\",\"@id\":\"https:\/\/edgarojeda.com\/#organization\",\"name\":\"Edgar Ojeda\",\"url\":\"https:\/\/edgarojeda.com\/\",\"logo\":{\"@type\":\"ImageObject\",\"inLanguage\":\"es-PE\",\"@id\":\"https:\/\/edgarojeda.com\/#\/schema\/logo\/image\/\",\"url\":\"\/wp-content\/uploads\/edgar\/Logo.png\",\"contentUrl\":\"\/wp-content\/uploads\/edgar\/Logo.png\",\"width\":140,\"height\":140,\"caption\":\"Edgar Ojeda\"},\"image\":{\"@id\":\"https:\/\/edgarojeda.com\/#\/schema\/logo\/image\/\"}}]}<\/script>\n<!-- \/ Yoast SEO plugin. -->","yoast_head_json":{"title":"Biomagnetismo - Edgar Ojeda - Terapias Alternativas y Complementarias","description":"El biomagnetismo es un m\u00e9todo cient\u00edfico, terap\u00e9utico y no invasivo, para recuperar la salud. Si bien difiere de la medicina tradicional...","robots":{"index":"index","follow":"follow","max-snippet":"max-snippet:-1","max-image-preview":"max-image-preview:large","max-video-preview":"max-video-preview:-1"},"canonical":"https:\/\/edgarojeda.com\/?page_id=51","og_locale":"es_ES","og_type":"article","og_title":"Biomagnetismo - Edgar Ojeda - Terapias Alternativas y Complementarias","og_description":"El biomagnetismo es un m\u00e9todo cient\u00edfico, terap\u00e9utico y no invasivo, para recuperar la salud. Si bien difiere de la medicina tradicional...","og_url":"https:\/\/edgarojeda.com\/?page_id=51","og_site_name":"Edgar Ojeda","article_modified_time":"2024-11-11T23:25:59+00:00","twitter_card":"summary_large_image","twitter_misc":{"Est. reading time":"1 minuto"},"schema":{"@context":"https:\/\/schema.org","@graph":[{"@type":"WebPage","@id":"https:\/\/edgarojeda.com\/?page_id=51","url":"https:\/\/edgarojeda.com\/?page_id=51","name":"Biomagnetismo - Edgar Ojeda - Terapias Alternativas y Complementarias","isPartOf":{"@id":"https:\/\/edgarojeda.com\/#website"},"datePublished":"2017-09-05T20:23:22+00:00","dateModified":"2024-11-11T23:25:59+00:00","description":"El biomagnetismo es un m\u00e9todo cient\u00edfico, terap\u00e9utico y no invasivo, para recuperar la salud. Si bien difiere de la medicina tradicional...","breadcrumb":{"@id":"https:\/\/edgarojeda.com\/?page_id=51#breadcrumb"},"inLanguage":"es-PE","potentialAction":[{"@type":"ReadAction","target":["https:\/\/edgarojeda.com\/?page_id=51"]}]},{"@type":"BreadcrumbList","@id":"https:\/\/edgarojeda.com\/?page_id=51#breadcrumb","itemListElement":[{"@type":"ListItem","position":1,"name":"Portada","item":"https:\/\/edgarojeda.com\/"},{"@type":"ListItem","position":2,"name":"Biomagnetismo"}]},{"@type":"WebSite","@id":"https:\/\/edgarojeda.com\/#website","url":"https:\/\/edgarojeda.com\/","name":"Edgar Ojeda","description":"Perm\u00edteme ayudarte a equilibrar tu mente y cuerpo para sanar tu vida","publisher":{"@id":"https:\/\/edgarojeda.com\/#organization"},"potentialAction":[{"@type":"SearchAction","target":{"@type":"EntryPoint","urlTemplate":"https:\/\/edgarojeda.com\/?s={search_term_string}"},"query-input":{"@type":"PropertyValueSpecification","valueRequired":true,"valueName":"search_term_string"}}],"inLanguage":"es-PE"},{"@type":"Organization","@id":"https:\/\/edgarojeda.com\/#organization","name":"Edgar Ojeda","url":"https:\/\/edgarojeda.com\/","logo":{"@type":"ImageObject","inLanguage":"es-PE","@id":"https:\/\/edgarojeda.com\/#\/schema\/logo\/image\/","url":"\/wp-content\/uploads\/edgar\/Logo.png","contentUrl":"\/wp-content\/uploads\/edgar\/Logo.png","width":140,"height":140,"caption":"Edgar Ojeda"},"image":{"@id":"https:\/\/edgarojeda.com\/#\/schema\/logo\/image\/"}}]}},"_links":{"self":[{"href":"https:\/\/edgarojeda.com\/index.php?rest_route=\/wp\/v2\/pages\/51","targetHints":{"allow":["GET"]}}],"collection":[{"href":"https:\/\/edgarojeda.com\/index.php?rest_route=\/wp\/v2\/pages"}],"about":[{"href":"https:\/\/edgarojeda.com\/index.php?rest_route=\/wp\/v2\/types\/page"}],"author":[{"embeddable":true,"href":"https:\/\/edgarojeda.com\/index.php?rest_route=\/wp\/v2\/users\/1"}],"replies":[{"embeddable":true,"href":"https:\/\/edgarojeda.com\/index.php?rest_route=%2Fwp%2Fv2%2Fcomments&post=51"}],"version-history":[{"count":0,"href":"https:\/\/edgarojeda.com\/index.php?rest_route=\/wp\/v2\/pages\/51\/revisions"}],"wp:attachment":[{"href":"https:\/\/edgarojeda.com\/index.php?rest_route=%2Fwp%2Fv2%2Fmedia&parent=51"}],"curies":[{"name":"wp","href":"https:\/\/api.w.org\/{rel}","templated":true}]}}