{"id":43,"date":"2017-09-05T20:22:06","date_gmt":"2017-09-05T20:22:06","guid":{"rendered":"http:\/\/piuraint.com\/home\/?page_id=43"},"modified":"2025-09-19T19:13:10","modified_gmt":"2025-09-20T00:13:10","slug":"inicio","status":"publish","type":"page","link":"https:\/\/edgarojeda.com\/","title":{"rendered":"Edgar Ojeda &#8211; Terapias Alternativas y Complementarias"},"content":{"rendered":"\n\n\n\n<h4 class=\"wp-block-heading has-text-align-center has-text-color has-link-color wp-elements-246cb36c537d40ca7721e768cfb2af52\" style=\"color:#1146cc\">Perm\u00edteme ayudarte a equilibrar tu mente y cuerpo para sanar tu vida<\/h4>\n\n\n\n<div class=\"wp-block-columns alignwide is-layout-flex wp-container-core-columns-is-layout-9d6595d7 wp-block-columns-is-layout-flex\">\n<div class=\"wp-block-column is-layout-flow wp-block-column-is-layout-flow\">\n<h3 class=\"wp-block-heading\">BIOMAGNETISMO<\/h3>\n\n\n<div class=\"wp-block-image\">\n<figure class=\"alignleft size-full is-resized\"><img loading=\"lazy\" decoding=\"async\" width=\"720\" height=\"420\" src=\"\/wp-content\/uploads\/edgar\/\/biomagnetismo-imanes.jpg\" alt=\"\" class=\"wp-image-1594\" style=\"width:250px\"\/><\/figure>\n<\/div>\n\n\n<p class=\"has-medium-font-size\">Es un m\u00e9todo cient\u00edfico, terap\u00e9utico y no invasivo, para recuperar la salud. Si bien difiere de la medicina tradicional, la homeopat\u00eda, las hierbas y las terapias naturales, es perfectamente compatible con cualquiera de estas modalidades. <a href=\"https:\/\/edgarojeda.com\/biomagnetismo\/\">Ver m\u00e1s<\/a><\/p>\n<\/div>\n\n\n\n<div class=\"wp-block-column is-layout-flow wp-block-column-is-layout-flow\">\n<h3 class=\"wp-block-heading\">BIODESCODIFICACI\u00d3N<\/h3>\n\n\n<div class=\"wp-block-image\">\n<figure class=\"alignleft size-full is-resized\"><img loading=\"lazy\" decoding=\"async\" width=\"720\" height=\"420\" src=\"\/wp-content\/uploads\/edgar\/\/biodescodifiacion.jpg\" alt=\"\" class=\"wp-image-1600\" style=\"width:250px\"\/><\/figure>\n<\/div>\n\n\n<p class=\"has-medium-font-size\">Es una de las propuestas naturales m\u00e1s novedosas y efectivas que realmente ayudan en recuperar la salud, detectando y desprogramando emociones. <a href=\"https:\/\/edgarojeda.com\/biodescodificacion\/\">Ver m\u00e1s<\/a><\/p>\n<\/div>\n<\/div>\n\n\n\n<div class=\"wp-block-columns alignfull are-vertically-aligned-center has-background is-layout-flex wp-container-core-columns-is-layout-bd5f2d77 wp-block-columns-is-layout-flex\" style=\"background-color:#003892;padding-top:var(--wp--preset--spacing--20);padding-right:var(--wp--preset--spacing--80);padding-bottom:var(--wp--preset--spacing--20);padding-left:var(--wp--preset--spacing--80)\">\n<div class=\"wp-block-column is-vertically-aligned-center is-layout-flow wp-block-column-is-layout-flow\" style=\"padding-right:0;padding-left:var(--wp--preset--spacing--70);flex-basis:75%\">\n<p class=\"has-white-color has-text-color has-link-color has-medium-font-size wp-elements-ab98d895c0f181fbaab8b6c0db51dc38\" style=\"padding-right:0;padding-left:0\">Profesional en comunicaci\u00f3n, con amplia experiencia en prensa y comunicaci\u00f3n corporativa. Desde siempre mantiene un gran esp\u00edritu de servicio a los dem\u00e1s, principalmente en temas relacionados al bienestar y salud. La detecci\u00f3n de un c\u00e1ncer a su madre fue un acontecimiento que marc\u00f3 su vida, pero a la vez un reto para investigar en terapias naturales, alternativas y complementarias, que le permitieron brindarle una mejor calidad de vida.<\/p>\n\n\n\n<p class=\"has-text-align-right has-white-color has-text-color has-link-color has-medium-font-size wp-elements-5eac918de0460ac85551967491a0959d\"><a href=\"https:\/\/edgarojeda.com\/?page_id=866\">Ver m\u00e1s<\/a><\/p>\n<\/div>\n\n\n\n<div class=\"wp-block-column is-vertically-aligned-center is-layout-flow wp-block-column-is-layout-flow\" style=\"padding-right:var(--wp--preset--spacing--70);padding-left:0;flex-basis:20%\">\n<figure class=\"wp-block-image size-full\"><img loading=\"lazy\" decoding=\"async\" width=\"366\" height=\"481\" src=\"\/wp-content\/uploads\/edgar\/\/Edgar-Ojeda.png\" alt=\"Edgar-Ojeda\" class=\"wp-image-1691\"\/><\/figure>\n<\/div>\n<\/div>\n\n\n\n<p><\/p>\n","protected":false},"excerpt":{"rendered":"<p>Perm\u00edteme ayudarte a equilibrar tu mente y cuerpo para sanar tu vida BIOMAGNETISMO Es un m\u00e9todo cient\u00edfico, terap\u00e9utico y no invasivo, para recuperar la salud. Si bien difiere de la medicina tradicional, la homeopat\u00eda, las hierbas y las terapias naturales, es perfectamente compatible con cualquiera de estas modalidades. Ver m\u00e1s BIODESCODIFICACI\u00d3N Es una de las&hellip;&nbsp;<a href=\"https:\/\/edgarojeda.com\/\" rel=\"bookmark\">Read More &raquo;<span class=\"screen-reader-text\">Edgar Ojeda &#8211; Terapias Alternativas y Complementarias<\/span><\/a><\/p>\n","protected":false},"author":1,"featured_media":0,"parent":0,"menu_order":0,"comment_status":"closed","ping_status":"closed","template":"","meta":{"neve_meta_sidebar":"","neve_meta_container":"","neve_meta_enable_content_width":"","neve_meta_content_width":0,"neve_meta_title_alignment":"","neve_meta_author_avatar":"","neve_post_elements_order":"","neve_meta_disable_header":"","neve_meta_disable_footer":"","neve_meta_disable_title":"","footnotes":""},"class_list":["post-43","page","type-page","status-publish","hentry"],"yoast_head":"<!-- This site is optimized with the Yoast SEO plugin v26.9 - https:\/\/yoast.com\/product\/yoast-seo-wordpress\/ -->\n<title>Edgar Ojeda - Terapias Alternativas y Complementarias - Edgar Ojeda<\/title>\n<meta name=\"description\" content=\"Perm\u00edteme ayudarte a equilibrar tu mente y cuerpo para sanar tu vida. Biomagnetismo, Biodecodificaci\u00f3n, Factores de Transferencia, Homeopat\u00eda.\" \/>\n<meta name=\"robots\" content=\"index, follow, max-snippet:-1, max-image-preview:large, max-video-preview:-1\" \/>\n<link rel=\"canonical\" href=\"https:\/\/edgarojeda.com\/\" \/>\n<meta property=\"og:locale\" content=\"es_ES\" \/>\n<meta property=\"og:type\" content=\"article\" \/>\n<meta property=\"og:title\" content=\"Edgar Ojeda - Terapias Alternativas y Complementarias - Edgar Ojeda\" \/>\n<meta property=\"og:description\" content=\"Perm\u00edteme ayudarte a equilibrar tu mente y cuerpo para sanar tu vida. Biomagnetismo, Biodecodificaci\u00f3n, Factores de Transferencia, Homeopat\u00eda.\" \/>\n<meta property=\"og:url\" content=\"https:\/\/edgarojeda.com\/\" \/>\n<meta property=\"og:site_name\" content=\"Edgar Ojeda\" \/>\n<meta property=\"article:modified_time\" content=\"2025-09-20T00:13:10+00:00\" \/>\n<meta name=\"twitter:card\" content=\"summary_large_image\" \/>\n<meta name=\"twitter:label1\" content=\"Est. reading time\" \/>\n\t<meta name=\"twitter:data1\" content=\"2 minutos\" \/>\n<script type=\"application\/ld+json\" class=\"yoast-schema-graph\">{\"@context\":\"https:\/\/schema.org\",\"@graph\":[{\"@type\":\"WebPage\",\"@id\":\"https:\/\/edgarojeda.com\/\",\"url\":\"https:\/\/edgarojeda.com\/\",\"name\":\"Edgar Ojeda - Terapias Alternativas y Complementarias - Edgar Ojeda\",\"isPartOf\":{\"@id\":\"https:\/\/edgarojeda.com\/#website\"},\"datePublished\":\"2017-09-05T20:22:06+00:00\",\"dateModified\":\"2025-09-20T00:13:10+00:00\",\"description\":\"Perm\u00edteme ayudarte a equilibrar tu mente y cuerpo para sanar tu vida. Biomagnetismo, Biodecodificaci\u00f3n, Factores de Transferencia, Homeopat\u00eda.\",\"breadcrumb\":{\"@id\":\"https:\/\/edgarojeda.com\/#breadcrumb\"},\"inLanguage\":\"es-PE\",\"potentialAction\":[{\"@type\":\"ReadAction\",\"target\":[\"https:\/\/edgarojeda.com\/\"]}]},{\"@type\":\"BreadcrumbList\",\"@id\":\"https:\/\/edgarojeda.com\/#breadcrumb\",\"itemListElement\":[{\"@type\":\"ListItem\",\"position\":1,\"name\":\"Portada\",\"item\":\"https:\/\/edgarojeda.com\/\"},{\"@type\":\"ListItem\",\"position\":2,\"name\":\"Edgar Ojeda &#8211; Terapias Alternativas y Complementarias\"}]},{\"@type\":\"WebSite\",\"@id\":\"https:\/\/edgarojeda.com\/#website\",\"url\":\"https:\/\/edgarojeda.com\/\",\"name\":\"Edgar Ojeda\",\"description\":\"Perm\u00edteme ayudarte a equilibrar tu mente y cuerpo para sanar tu vida\",\"publisher\":{\"@id\":\"https:\/\/edgarojeda.com\/#organization\"},\"potentialAction\":[{\"@type\":\"SearchAction\",\"target\":{\"@type\":\"EntryPoint\",\"urlTemplate\":\"https:\/\/edgarojeda.com\/?s={search_term_string}\"},\"query-input\":{\"@type\":\"PropertyValueSpecification\",\"valueRequired\":true,\"valueName\":\"search_term_string\"}}],\"inLanguage\":\"es-PE\"},{\"@type\":\"Organization\",\"@id\":\"https:\/\/edgarojeda.com\/#organization\",\"name\":\"Edgar Ojeda\",\"url\":\"https:\/\/edgarojeda.com\/\",\"logo\":{\"@type\":\"ImageObject\",\"inLanguage\":\"es-PE\",\"@id\":\"https:\/\/edgarojeda.com\/#\/schema\/logo\/image\/\",\"url\":\"\/wp-content\/uploads\/edgar\/Logo.png\",\"contentUrl\":\"\/wp-content\/uploads\/edgar\/Logo.png\",\"width\":140,\"height\":140,\"caption\":\"Edgar Ojeda\"},\"image\":{\"@id\":\"https:\/\/edgarojeda.com\/#\/schema\/logo\/image\/\"}}]}<\/script>\n<!-- \/ Yoast SEO plugin. -->","yoast_head_json":{"title":"Edgar Ojeda - Terapias Alternativas y Complementarias - Edgar Ojeda","description":"Perm\u00edteme ayudarte a equilibrar tu mente y cuerpo para sanar tu vida. Biomagnetismo, Biodecodificaci\u00f3n, Factores de Transferencia, Homeopat\u00eda.","robots":{"index":"index","follow":"follow","max-snippet":"max-snippet:-1","max-image-preview":"max-image-preview:large","max-video-preview":"max-video-preview:-1"},"canonical":"https:\/\/edgarojeda.com\/","og_locale":"es_ES","og_type":"article","og_title":"Edgar Ojeda - Terapias Alternativas y Complementarias - Edgar Ojeda","og_description":"Perm\u00edteme ayudarte a equilibrar tu mente y cuerpo para sanar tu vida. Biomagnetismo, Biodecodificaci\u00f3n, Factores de Transferencia, Homeopat\u00eda.","og_url":"https:\/\/edgarojeda.com\/","og_site_name":"Edgar Ojeda","article_modified_time":"2025-09-20T00:13:10+00:00","twitter_card":"summary_large_image","twitter_misc":{"Est. reading time":"2 minutos"},"schema":{"@context":"https:\/\/schema.org","@graph":[{"@type":"WebPage","@id":"https:\/\/edgarojeda.com\/","url":"https:\/\/edgarojeda.com\/","name":"Edgar Ojeda - Terapias Alternativas y Complementarias - Edgar Ojeda","isPartOf":{"@id":"https:\/\/edgarojeda.com\/#website"},"datePublished":"2017-09-05T20:22:06+00:00","dateModified":"2025-09-20T00:13:10+00:00","description":"Perm\u00edteme ayudarte a equilibrar tu mente y cuerpo para sanar tu vida. Biomagnetismo, Biodecodificaci\u00f3n, Factores de Transferencia, Homeopat\u00eda.","breadcrumb":{"@id":"https:\/\/edgarojeda.com\/#breadcrumb"},"inLanguage":"es-PE","potentialAction":[{"@type":"ReadAction","target":["https:\/\/edgarojeda.com\/"]}]},{"@type":"BreadcrumbList","@id":"https:\/\/edgarojeda.com\/#breadcrumb","itemListElement":[{"@type":"ListItem","position":1,"name":"Portada","item":"https:\/\/edgarojeda.com\/"},{"@type":"ListItem","position":2,"name":"Edgar Ojeda &#8211; Terapias Alternativas y Complementarias"}]},{"@type":"WebSite","@id":"https:\/\/edgarojeda.com\/#website","url":"https:\/\/edgarojeda.com\/","name":"Edgar Ojeda","description":"Perm\u00edteme ayudarte a equilibrar tu mente y cuerpo para sanar tu vida","publisher":{"@id":"https:\/\/edgarojeda.com\/#organization"},"potentialAction":[{"@type":"SearchAction","target":{"@type":"EntryPoint","urlTemplate":"https:\/\/edgarojeda.com\/?s={search_term_string}"},"query-input":{"@type":"PropertyValueSpecification","valueRequired":true,"valueName":"search_term_string"}}],"inLanguage":"es-PE"},{"@type":"Organization","@id":"https:\/\/edgarojeda.com\/#organization","name":"Edgar Ojeda","url":"https:\/\/edgarojeda.com\/","logo":{"@type":"ImageObject","inLanguage":"es-PE","@id":"https:\/\/edgarojeda.com\/#\/schema\/logo\/image\/","url":"\/wp-content\/uploads\/edgar\/Logo.png","contentUrl":"\/wp-content\/uploads\/edgar\/Logo.png","width":140,"height":140,"caption":"Edgar Ojeda"},"image":{"@id":"https:\/\/edgarojeda.com\/#\/schema\/logo\/image\/"}}]}},"_links":{"self":[{"href":"https:\/\/edgarojeda.com\/index.php?rest_route=\/wp\/v2\/pages\/43","targetHints":{"allow":["GET"]}}],"collection":[{"href":"https:\/\/edgarojeda.com\/index.php?rest_route=\/wp\/v2\/pages"}],"about":[{"href":"https:\/\/edgarojeda.com\/index.php?rest_route=\/wp\/v2\/types\/page"}],"author":[{"embeddable":true,"href":"https:\/\/edgarojeda.com\/index.php?rest_route=\/wp\/v2\/users\/1"}],"replies":[{"embeddable":true,"href":"https:\/\/edgarojeda.com\/index.php?rest_route=%2Fwp%2Fv2%2Fcomments&post=43"}],"version-history":[{"count":2,"href":"https:\/\/edgarojeda.com\/index.php?rest_route=\/wp\/v2\/pages\/43\/revisions"}],"predecessor-version":[{"id":1762,"href":"https:\/\/edgarojeda.com\/index.php?rest_route=\/wp\/v2\/pages\/43\/revisions\/1762"}],"wp:attachment":[{"href":"https:\/\/edgarojeda.com\/index.php?rest_route=%2Fwp%2Fv2%2Fmedia&parent=43"}],"curies":[{"name":"wp","href":"https:\/\/api.w.org\/{rel}","templated":true}]}}