{"id":128,"date":"2017-09-05T17:08:20","date_gmt":"2017-09-05T22:08:20","guid":{"rendered":"http:\/\/piuraint.com\/home\/?page_id=128"},"modified":"2024-11-11T18:30:16","modified_gmt":"2024-11-11T23:30:16","slug":"energia-escalar","status":"publish","type":"page","link":"https:\/\/edgarojeda.com\/?page_id=128","title":{"rendered":"Energ\u00eda Escalar"},"content":{"rendered":"\n<p>La energ\u00eda escalar es el descubrimiento de un nuevo tipo de ondas electromagn\u00e9ticas que existe en el vac\u00edo del espacio. Estas ondas constituyen una especie de mar de energ\u00eda infinita, y esta abundante energ\u00eda puede ser almacenada o enclaustrada para ser utilizada en la salud.<\/p>\n\n\n<div class=\"wp-block-image\">\n<figure class=\"alignright size-full is-resized\"><img loading=\"lazy\" decoding=\"async\" width=\"720\" height=\"420\" src=\"\/wp-content\/uploads\/edgar\/\/Energia-Escalar.jpg\" alt=\"\" class=\"wp-image-1603\" style=\"width:435px;height:auto\"\/><\/figure>\n<\/div>\n\n\n<p>En 1831, James Clark Maxwell, un cient\u00edfico escoc\u00e9s, descubri\u00f3 por primera vez la energ\u00eda escalar. Pero fue el cient\u00edfico yugoslavo Nikola Tesla qui\u00e9n pudo demostrar la existencia de esta forma de energ\u00eda. Tesla avanz\u00f3 en los hallazgos de Maxwell e invent\u00f3 m\u00e1quinas que demostraron la existencia de energ\u00eda escalar.<\/p>\n\n\n\n<p>Esta energ\u00eda nos protege y ayuda a nuestro organismo a eliminar agentes pat\u00f3genos que nos est\u00e1n haciendo da\u00f1o, y por ende el mismo cuerpo empieza a sanar.<\/p>\n\n\n\n<p>Las terapias se hacen de manera presencial.<\/p>\n\n\n\n<p><\/p>\n","protected":false},"excerpt":{"rendered":"<p>La energ\u00eda escalar es el descubrimiento de un nuevo tipo de ondas electromagn\u00e9ticas que existe en el vac\u00edo del espacio. Estas ondas constituyen una especie de mar de energ\u00eda infinita, y esta abundante energ\u00eda puede ser almacenada o enclaustrada para ser utilizada en la salud. En 1831, James Clark Maxwell, un cient\u00edfico escoc\u00e9s, descubri\u00f3 por&hellip;&nbsp;<a href=\"https:\/\/edgarojeda.com\/?page_id=128\" rel=\"bookmark\">Read More &raquo;<span class=\"screen-reader-text\">Energ\u00eda Escalar<\/span><\/a><\/p>\n","protected":false},"author":1,"featured_media":0,"parent":0,"menu_order":0,"comment_status":"closed","ping_status":"closed","template":"","meta":{"neve_meta_sidebar":"","neve_meta_container":"","neve_meta_enable_content_width":"","neve_meta_content_width":0,"neve_meta_title_alignment":"","neve_meta_author_avatar":"","neve_post_elements_order":"","neve_meta_disable_header":"","neve_meta_disable_footer":"","neve_meta_disable_title":"","footnotes":""},"class_list":["post-128","page","type-page","status-publish","hentry"],"yoast_head":"<!-- This site is optimized with the Yoast SEO plugin v26.9 - https:\/\/yoast.com\/product\/yoast-seo-wordpress\/ -->\n<title>Energ\u00eda Escalar - Edgar Ojeda - Terapias Alternativas y Complementarias<\/title>\n<meta name=\"robots\" content=\"index, follow, max-snippet:-1, max-image-preview:large, max-video-preview:-1\" \/>\n<link rel=\"canonical\" href=\"https:\/\/edgarojeda.com\/?page_id=128\" \/>\n<meta property=\"og:locale\" content=\"es_ES\" \/>\n<meta property=\"og:type\" content=\"article\" \/>\n<meta property=\"og:title\" content=\"Energ\u00eda Escalar - Edgar Ojeda - Terapias Alternativas y Complementarias\" \/>\n<meta property=\"og:description\" content=\"La energ\u00eda escalar es el descubrimiento de un nuevo tipo de ondas electromagn\u00e9ticas que existe en el vac\u00edo del espacio. Estas ondas constituyen una especie de mar de energ\u00eda infinita, y esta abundante energ\u00eda puede ser almacenada o enclaustrada para ser utilizada en la salud. En 1831, James Clark Maxwell, un cient\u00edfico escoc\u00e9s, descubri\u00f3 por&hellip;&nbsp;Read More &raquo;Energ\u00eda Escalar\" \/>\n<meta property=\"og:url\" content=\"https:\/\/edgarojeda.com\/?page_id=128\" \/>\n<meta property=\"og:site_name\" content=\"Edgar Ojeda\" \/>\n<meta property=\"article:modified_time\" content=\"2024-11-11T23:30:16+00:00\" \/>\n<meta name=\"twitter:card\" content=\"summary_large_image\" \/>\n<meta name=\"twitter:label1\" content=\"Est. reading time\" \/>\n\t<meta name=\"twitter:data1\" content=\"1 minuto\" \/>\n<script type=\"application\/ld+json\" class=\"yoast-schema-graph\">{\"@context\":\"https:\/\/schema.org\",\"@graph\":[{\"@type\":\"WebPage\",\"@id\":\"https:\/\/edgarojeda.com\/?page_id=128\",\"url\":\"https:\/\/edgarojeda.com\/?page_id=128\",\"name\":\"Energ\u00eda Escalar - Edgar Ojeda - Terapias Alternativas y Complementarias\",\"isPartOf\":{\"@id\":\"https:\/\/edgarojeda.com\/#website\"},\"datePublished\":\"2017-09-05T22:08:20+00:00\",\"dateModified\":\"2024-11-11T23:30:16+00:00\",\"breadcrumb\":{\"@id\":\"https:\/\/edgarojeda.com\/?page_id=128#breadcrumb\"},\"inLanguage\":\"es-PE\",\"potentialAction\":[{\"@type\":\"ReadAction\",\"target\":[\"https:\/\/edgarojeda.com\/?page_id=128\"]}]},{\"@type\":\"BreadcrumbList\",\"@id\":\"https:\/\/edgarojeda.com\/?page_id=128#breadcrumb\",\"itemListElement\":[{\"@type\":\"ListItem\",\"position\":1,\"name\":\"Portada\",\"item\":\"https:\/\/edgarojeda.com\/\"},{\"@type\":\"ListItem\",\"position\":2,\"name\":\"Energ\u00eda Escalar\"}]},{\"@type\":\"WebSite\",\"@id\":\"https:\/\/edgarojeda.com\/#website\",\"url\":\"https:\/\/edgarojeda.com\/\",\"name\":\"Edgar Ojeda\",\"description\":\"Perm\u00edteme ayudarte a equilibrar tu mente y cuerpo para sanar tu vida\",\"publisher\":{\"@id\":\"https:\/\/edgarojeda.com\/#organization\"},\"potentialAction\":[{\"@type\":\"SearchAction\",\"target\":{\"@type\":\"EntryPoint\",\"urlTemplate\":\"https:\/\/edgarojeda.com\/?s={search_term_string}\"},\"query-input\":{\"@type\":\"PropertyValueSpecification\",\"valueRequired\":true,\"valueName\":\"search_term_string\"}}],\"inLanguage\":\"es-PE\"},{\"@type\":\"Organization\",\"@id\":\"https:\/\/edgarojeda.com\/#organization\",\"name\":\"Edgar Ojeda\",\"url\":\"https:\/\/edgarojeda.com\/\",\"logo\":{\"@type\":\"ImageObject\",\"inLanguage\":\"es-PE\",\"@id\":\"https:\/\/edgarojeda.com\/#\/schema\/logo\/image\/\",\"url\":\"\/wp-content\/uploads\/edgar\/Logo.png\",\"contentUrl\":\"\/wp-content\/uploads\/edgar\/Logo.png\",\"width\":140,\"height\":140,\"caption\":\"Edgar Ojeda\"},\"image\":{\"@id\":\"https:\/\/edgarojeda.com\/#\/schema\/logo\/image\/\"}}]}<\/script>\n<!-- \/ Yoast SEO plugin. -->","yoast_head_json":{"title":"Energ\u00eda Escalar - Edgar Ojeda - Terapias Alternativas y Complementarias","robots":{"index":"index","follow":"follow","max-snippet":"max-snippet:-1","max-image-preview":"max-image-preview:large","max-video-preview":"max-video-preview:-1"},"canonical":"https:\/\/edgarojeda.com\/?page_id=128","og_locale":"es_ES","og_type":"article","og_title":"Energ\u00eda Escalar - Edgar Ojeda - Terapias Alternativas y Complementarias","og_description":"La energ\u00eda escalar es el descubrimiento de un nuevo tipo de ondas electromagn\u00e9ticas que existe en el vac\u00edo del espacio. Estas ondas constituyen una especie de mar de energ\u00eda infinita, y esta abundante energ\u00eda puede ser almacenada o enclaustrada para ser utilizada en la salud. En 1831, James Clark Maxwell, un cient\u00edfico escoc\u00e9s, descubri\u00f3 por&hellip;&nbsp;Read More &raquo;Energ\u00eda Escalar","og_url":"https:\/\/edgarojeda.com\/?page_id=128","og_site_name":"Edgar Ojeda","article_modified_time":"2024-11-11T23:30:16+00:00","twitter_card":"summary_large_image","twitter_misc":{"Est. reading time":"1 minuto"},"schema":{"@context":"https:\/\/schema.org","@graph":[{"@type":"WebPage","@id":"https:\/\/edgarojeda.com\/?page_id=128","url":"https:\/\/edgarojeda.com\/?page_id=128","name":"Energ\u00eda Escalar - Edgar Ojeda - Terapias Alternativas y Complementarias","isPartOf":{"@id":"https:\/\/edgarojeda.com\/#website"},"datePublished":"2017-09-05T22:08:20+00:00","dateModified":"2024-11-11T23:30:16+00:00","breadcrumb":{"@id":"https:\/\/edgarojeda.com\/?page_id=128#breadcrumb"},"inLanguage":"es-PE","potentialAction":[{"@type":"ReadAction","target":["https:\/\/edgarojeda.com\/?page_id=128"]}]},{"@type":"BreadcrumbList","@id":"https:\/\/edgarojeda.com\/?page_id=128#breadcrumb","itemListElement":[{"@type":"ListItem","position":1,"name":"Portada","item":"https:\/\/edgarojeda.com\/"},{"@type":"ListItem","position":2,"name":"Energ\u00eda Escalar"}]},{"@type":"WebSite","@id":"https:\/\/edgarojeda.com\/#website","url":"https:\/\/edgarojeda.com\/","name":"Edgar Ojeda","description":"Perm\u00edteme ayudarte a equilibrar tu mente y cuerpo para sanar tu vida","publisher":{"@id":"https:\/\/edgarojeda.com\/#organization"},"potentialAction":[{"@type":"SearchAction","target":{"@type":"EntryPoint","urlTemplate":"https:\/\/edgarojeda.com\/?s={search_term_string}"},"query-input":{"@type":"PropertyValueSpecification","valueRequired":true,"valueName":"search_term_string"}}],"inLanguage":"es-PE"},{"@type":"Organization","@id":"https:\/\/edgarojeda.com\/#organization","name":"Edgar Ojeda","url":"https:\/\/edgarojeda.com\/","logo":{"@type":"ImageObject","inLanguage":"es-PE","@id":"https:\/\/edgarojeda.com\/#\/schema\/logo\/image\/","url":"\/wp-content\/uploads\/edgar\/Logo.png","contentUrl":"\/wp-content\/uploads\/edgar\/Logo.png","width":140,"height":140,"caption":"Edgar Ojeda"},"image":{"@id":"https:\/\/edgarojeda.com\/#\/schema\/logo\/image\/"}}]}},"_links":{"self":[{"href":"https:\/\/edgarojeda.com\/index.php?rest_route=\/wp\/v2\/pages\/128","targetHints":{"allow":["GET"]}}],"collection":[{"href":"https:\/\/edgarojeda.com\/index.php?rest_route=\/wp\/v2\/pages"}],"about":[{"href":"https:\/\/edgarojeda.com\/index.php?rest_route=\/wp\/v2\/types\/page"}],"author":[{"embeddable":true,"href":"https:\/\/edgarojeda.com\/index.php?rest_route=\/wp\/v2\/users\/1"}],"replies":[{"embeddable":true,"href":"https:\/\/edgarojeda.com\/index.php?rest_route=%2Fwp%2Fv2%2Fcomments&post=128"}],"version-history":[{"count":0,"href":"https:\/\/edgarojeda.com\/index.php?rest_route=\/wp\/v2\/pages\/128\/revisions"}],"wp:attachment":[{"href":"https:\/\/edgarojeda.com\/index.php?rest_route=%2Fwp%2Fv2%2Fmedia&parent=128"}],"curies":[{"name":"wp","href":"https:\/\/api.w.org\/{rel}","templated":true}]}}